{"id":64,"date":"2022-08-30T13:07:37","date_gmt":"2022-08-30T11:07:37","guid":{"rendered":"https:\/\/elingenieromarciano.com\/?page_id=64"},"modified":"2022-08-30T13:07:37","modified_gmt":"2022-08-30T11:07:37","slug":"aviso-legal","status":"publish","type":"page","link":"https:\/\/elingenieromarciano.com\/?page_id=64","title":{"rendered":"Aviso Legal"},"content":{"rendered":"\n<p>POL\u00cdTICA DE PRIVACIDAD Y CONDICIONES DE USO<\/p>\n\n\n\n<p>Esta p\u00e1gina web es propiedad de Luis N\u00fa\u00f1ez Alpresa \u2022 Campus Riu Sec UJI (Edificio Espaitec I) \u2022 12071 Castell\u00f3n \u2022 T. 964 06 54 91 \u2022 info@alpre.es \u2022 www.academiaalpre.es<\/p>\n\n\n\n<p>ALPRE ACADEMIA UNIVERSITARIA se reserva el derecho de realizar los cambios necesarios en beneficio del producto final y del cliente.<\/p>\n\n\n\n<p><strong>General:<\/strong> usar esta p\u00e1gina web o registrarse como usuario presupone la aceptaci\u00f3n de las presentes condiciones.<\/p>\n\n\n\n<p><strong>Privacidad:<\/strong> en cumplimiento de la legislaci\u00f3n vigente sobre protecci\u00f3n de datos, le informamos de que los datos facilitados por nuestros clientes ser\u00e1n incorporados a un fichero de car\u00e1cter personal con la \u00fanica finalidad de atender las solicitudes realizadas por los interesados y para las cuales aportan los datos, de acuerdo con lo estipulado en la Ley Org\u00e1nica 15\/1999, de 13 de diciembre, de Protecci\u00f3n de Datos de Car\u00e1cter Personal dictada en virtud de la Directiva 95\/49\/CE, del Parlamento Europeo y del Consejo, del 24 de Octubre, relativa a la protecci\u00f3n de la persona f\u00edsica en lo que respecta al tratamiento de los datos personales y a la libre circulaci\u00f3n de esos datos. Podr\u00e1n ejercitarse en cualquier momento los derechos de acceso, rectificaci\u00f3n, cancelaci\u00f3n y oposici\u00f3n.<\/p>\n\n\n\n<p>ALPRE ACADEMIA UNIVERSITARIA, es la responsable y \u00fanica destinataria del fichero que se elabora con los datos suministrados por los interesados a trav\u00e9s de esta p\u00e1gina web, as\u00ed como del tratamiento que se haga de los mismos, garantiz\u00e1ndose la no cesi\u00f3n de los datos a ninguna entidad ajena a la asociaci\u00f3n. Se entender\u00e1 prestado el consentimiento de los interesados para el tratamiento de los datos suministrados con la mera aportaci\u00f3n o env\u00edo de los mismos a trav\u00e9s de esta p\u00e1gina o por cualquier otro medio.<\/p>\n\n\n\n<p><strong>Propiedad:<\/strong> esta p\u00e1gina web es propiedad de nuestra empresa, as\u00ed como todos los derechos de su contenido, im\u00e1genes, textos, dise\u00f1o y software. Todos los elementos de esta p\u00e1gina, incluidos su dise\u00f1o y contenido, est\u00e1n protegidos por la legislaci\u00f3n vigente sobre propiedad intelectual e industrial, y los tratados internacionales en materia de derechos de autor.<\/p>\n\n\n\n<p><strong>Uso de su contenido:<\/strong> usted necesitar\u00e1 el consentimiento expreso de nuestra empresa para reproducir, transmitir o explotar el contenido de esta web.<\/p>\n\n\n\n<p><strong>Responsabilidades:<\/strong> a pesar de que nuestra empresa se esfuerza al m\u00e1ximo por garantizar la precisi\u00f3n y exactitud del contenido de la p\u00e1gina web, esta puede contener errores o inexactitudes. En consecuencia, no garantizamos la veracidad, fiabilidad o exactitud de su contenido. No aceptamos responsabilidad por la informaci\u00f3n contenida en p\u00e1ginas web de terceros conectadas por enlaces (hiperv\u00ednculos) con las p\u00e1ginas web de nuestra empresa. En ninguna circunstancia nuestra empresa ser\u00e1 considerada responsable de da\u00f1o o perjuicio alguno derivado del uso de esta p\u00e1gina web. Asimismo, deber\u00e1 indemnizar a nuestra empresa con respecto a cualquier da\u00f1o o perjuicio que resulte del incumplimiento por su parte de las presentes condiciones o del uso del contenido de esta p\u00e1gina web sin autorizaci\u00f3n previa.<\/p>\n\n\n\n<p><strong>Divisibilidad:<\/strong> si alguna cl\u00e1usula de las presentes condiciones de uso careciese o pasase a carecer de validez, o no fuera aplicable de conformidad con el derecho vigente, la parte inaplicable de dicha cl\u00e1usula no tendr\u00eda efecto, lo cual no se extender\u00e1 a ninguna de las dem\u00e1s cl\u00e1usulas de estas condiciones de uso.<\/p>\n\n\n\n<p><strong>Legislaci\u00f3n y jurisdicci\u00f3n aplicable:<\/strong> las presentes condiciones de uso se interpretar\u00e1n y se regir\u00e1n por la legislaci\u00f3n espa\u00f1ola vigente. Cualquier disputa derivada de las mismas deber\u00e1 resolverse en los tribunales de Espa\u00f1a. No obstante, esto no impedir\u00e1 a nuestra empresa ejercer el derecho a resolver cualquier litigio en otra jurisdicci\u00f3n competente.<\/p>\n\n\n\n<p><strong>Modificaciones:<\/strong> nuestra empresa se reserva el derecho a cambiar el contenido de esta p\u00e1gina web en cualquier momento y sin aviso previo.<\/p>\n","protected":false},"excerpt":{"rendered":"<p>POL\u00cdTICA DE PRIVACIDAD Y CONDICIONES DE USO Esta p\u00e1gina web es propiedad de Luis N\u00fa\u00f1ez Alpresa \u2022 Campus Riu Sec UJI (Edificio Espaitec I) \u2022 12071 Castell\u00f3n \u2022 T. 964 06 54 91 \u2022 info@alpre.es \u2022 www.academiaalpre.es ALPRE ACADEMIA UNIVERSITARIA se reserva el derecho de realizar los cambios necesarios en beneficio del producto final y &hellip; <\/p>\n<p class=\"link-more\"><a href=\"https:\/\/elingenieromarciano.com\/?page_id=64\" class=\"more-link\">Continuar leyendo<span class=\"screen-reader-text\"> \u00abAviso Legal\u00bb<\/span><\/a><\/p>\n","protected":false},"author":2,"featured_media":0,"parent":0,"menu_order":0,"comment_status":"closed","ping_status":"closed","template":"","meta":[],"_links":{"self":[{"href":"https:\/\/elingenieromarciano.com\/index.php?rest_route=\/wp\/v2\/pages\/64"}],"collection":[{"href":"https:\/\/elingenieromarciano.com\/index.php?rest_route=\/wp\/v2\/pages"}],"about":[{"href":"https:\/\/elingenieromarciano.com\/index.php?rest_route=\/wp\/v2\/types\/page"}],"author":[{"embeddable":true,"href":"https:\/\/elingenieromarciano.com\/index.php?rest_route=\/wp\/v2\/users\/2"}],"replies":[{"embeddable":true,"href":"https:\/\/elingenieromarciano.com\/index.php?rest_route=%2Fwp%2Fv2%2Fcomments&post=64"}],"version-history":[{"count":1,"href":"https:\/\/elingenieromarciano.com\/index.php?rest_route=\/wp\/v2\/pages\/64\/revisions"}],"predecessor-version":[{"id":65,"href":"https:\/\/elingenieromarciano.com\/index.php?rest_route=\/wp\/v2\/pages\/64\/revisions\/65"}],"wp:attachment":[{"href":"https:\/\/elingenieromarciano.com\/index.php?rest_route=%2Fwp%2Fv2%2Fmedia&parent=64"}],"curies":[{"name":"wp","href":"https:\/\/api.w.org\/{rel}","templated":true}]}}