{"id":70,"date":"2022-08-30T16:06:14","date_gmt":"2022-08-30T14:06:14","guid":{"rendered":"https:\/\/elingenieromarciano.com\/?page_id=70"},"modified":"2022-09-08T18:49:35","modified_gmt":"2022-09-08T16:49:35","slug":"videos","status":"publish","type":"page","link":"https:\/\/elingenieromarciano.com\/?page_id=70","title":{"rendered":"VideoExplicaciones"},"content":{"rendered":"\n<p>Aqu\u00ed encontrar\u00e1s v\u00eddeos centrados en explicarte conceptos de una forma clara y sencilla. Estos v\u00eddeos los iremos creando y subiendo a lo largo del curso. Recuerda que tienes la videoteca para acceder a una completa colecci\u00f3n de contenidos.<\/p>\n\n\n\n<div style=\"height:50px\" aria-hidden=\"true\" class=\"wp-block-spacer\"><\/div>\n\n\n\n<figure class=\"wp-container-2 wp-block-gallery-1 wp-block-gallery has-nested-images columns-2 is-cropped\">\n<figure class=\"wp-block-image size-medium is-style-rounded\"><a href=\"https:\/\/elingenieromarciano.com\/?page_id=157\"><img loading=\"lazy\" width=\"300\" height=\"225\" data-id=\"173\"  src=\"https:\/\/elingenieromarciano.com\/wp-content\/uploads\/2022\/09\/electronics-workbench-1-300x225.jpg\" alt=\"Electronics Workbench\" class=\"wp-image-173\" srcset=\"https:\/\/elingenieromarciano.com\/wp-content\/uploads\/2022\/09\/electronics-workbench-1-300x225.jpg 300w, https:\/\/elingenieromarciano.com\/wp-content\/uploads\/2022\/09\/electronics-workbench-1-768x576.jpg 768w, https:\/\/elingenieromarciano.com\/wp-content\/uploads\/2022\/09\/electronics-workbench-1.jpg 1024w\" sizes=\"(max-width: 300px) 100vw, 300px\" \/><\/a><figcaption><strong>ELECTROTECNIA<\/strong><\/figcaption><\/figure>\n\n\n\n<figure class=\"wp-block-image size-medium is-style-rounded\"><a href=\"https:\/\/elingenieromarciano.com\/?page_id=166\"><img loading=\"lazy\" width=\"300\" height=\"169\" data-id=\"174\"  src=\"https:\/\/elingenieromarciano.com\/wp-content\/uploads\/2022\/09\/ProgramacionC-e1662417246393-300x169.png\" alt=\"\" class=\"wp-image-174\" srcset=\"https:\/\/elingenieromarciano.com\/wp-content\/uploads\/2022\/09\/ProgramacionC-e1662417246393-300x169.png 300w, https:\/\/elingenieromarciano.com\/wp-content\/uploads\/2022\/09\/ProgramacionC-e1662417246393-1024x577.png 1024w, https:\/\/elingenieromarciano.com\/wp-content\/uploads\/2022\/09\/ProgramacionC-e1662417246393-768x432.png 768w, https:\/\/elingenieromarciano.com\/wp-content\/uploads\/2022\/09\/ProgramacionC-e1662417246393.png 1277w\" sizes=\"(max-width: 300px) 100vw, 300px\" \/><\/a><figcaption><strong>PROGRAMACI\u00d3N C<\/strong><\/figcaption><\/figure>\n<\/figure>\n","protected":false},"excerpt":{"rendered":"<p>Aqu\u00ed encontrar\u00e1s v\u00eddeos centrados en explicarte conceptos de una forma clara y sencilla. Estos v\u00eddeos los iremos creando y subiendo a lo largo del curso. Recuerda que tienes la videoteca para acceder a una completa colecci\u00f3n de contenidos.<\/p>\n","protected":false},"author":2,"featured_media":0,"parent":0,"menu_order":0,"comment_status":"closed","ping_status":"closed","template":"","meta":[],"_links":{"self":[{"href":"https:\/\/elingenieromarciano.com\/index.php?rest_route=\/wp\/v2\/pages\/70"}],"collection":[{"href":"https:\/\/elingenieromarciano.com\/index.php?rest_route=\/wp\/v2\/pages"}],"about":[{"href":"https:\/\/elingenieromarciano.com\/index.php?rest_route=\/wp\/v2\/types\/page"}],"author":[{"embeddable":true,"href":"https:\/\/elingenieromarciano.com\/index.php?rest_route=\/wp\/v2\/users\/2"}],"replies":[{"embeddable":true,"href":"https:\/\/elingenieromarciano.com\/index.php?rest_route=%2Fwp%2Fv2%2Fcomments&post=70"}],"version-history":[{"count":26,"href":"https:\/\/elingenieromarciano.com\/index.php?rest_route=\/wp\/v2\/pages\/70\/revisions"}],"predecessor-version":[{"id":416,"href":"https:\/\/elingenieromarciano.com\/index.php?rest_route=\/wp\/v2\/pages\/70\/revisions\/416"}],"wp:attachment":[{"href":"https:\/\/elingenieromarciano.com\/index.php?rest_route=%2Fwp%2Fv2%2Fmedia&parent=70"}],"curies":[{"name":"wp","href":"https:\/\/api.w.org\/{rel}","templated":true}]}}